{"id":2658,"date":"2022-12-23T11:47:09","date_gmt":"2022-12-23T11:47:09","guid":{"rendered":"https:\/\/www.newgaps.com\/?page_id=2658"},"modified":"2023-03-23T11:38:13","modified_gmt":"2023-03-23T11:38:13","slug":"institucional","status":"publish","type":"page","link":"https:\/\/www.newgaps.com\/?page_id=2658","title":{"rendered":"Institucional"},"content":{"rendered":"<div class=\"wpb-content-wrapper\"><p>[vc_row content_placement=&#8221;middle&#8221; no_padding=&#8221;yes&#8221; css=&#8221;.vc_custom_1673917237633{margin-top: 50px !important;background-color: #ededed !important;}&#8221; conditional_render=&#8221;%5B%7B%22value_role%22%3A%22administrator%22%7D%5D&#8221;][vc_column width=&#8221;1\/2&#8243; animation_delay=&#8221;400&#8243; css=&#8221;.vc_custom_1673751480463{background-position: center !important;background-repeat: no-repeat !important;background-size: cover !important;}&#8221; animation_type=&#8221;fadeInLeft&#8221; conditional_render=&#8221;%5B%7B%22value_role%22%3A%22administrator%22%7D%5D&#8221;][vc_single_image image=&#8221;4279&#8243; img_size=&#8221;full&#8221; el_class=&#8221;mb-0&#8243;][\/vc_column][vc_column width=&#8221;1\/2&#8243; animation_delay=&#8221;400&#8243; css=&#8221;.vc_custom_1673751682968{padding-right: 50px !important;padding-left: 50px !important;background-color: rgba(255,255,255,0.01) !important;*background-color: rgb(255,255,255) !important;}&#8221; animation_type=&#8221;fadeInRight&#8221; conditional_render=&#8221;%5B%7B%22value_role%22%3A%22administrator%22%7D%5D&#8221;][vc_custom_heading text=&#8221;<strong>Sobre a NewGAPS<\/strong>&#8221; font_container=&#8221;tag:h3|font_size:35px|text_align:left|line_height:1.3&#8243; use_theme_fonts=&#8221;yes&#8221; font_weight=&#8221;600&#8243; letter_spacing=&#8221;-.05em&#8221; animation_delay=&#8221;250&#8243; el_class=&#8221;text-dark mb-4 mb-lg-3 mb-xl-4&#8243; animation_type=&#8221;fadeInUp&#8221; css=&#8221;.vc_custom_1674129306349{margin-top: 40px !important;}&#8221;][vc_custom_heading text=&#8221;A NewGAPS \u00e9 uma empresa dedicada a pesquisa, desenvolvimento e fabrica\u00e7\u00e3o de Matrizes Magn\u00e9ticas para separadores magn\u00e9ticos de alta intensidade tipo Jones\/WHIMS. Fundada em 2016, a NewGAPS tem como prop\u00f3sito desenvolver solu\u00e7\u00f5es de ponta em matrizes magn\u00e9ticas para potencializar a efici\u00eancia dos separadores magn\u00e9ticos, viabilizando a recupera\u00e7\u00e3o dos materiais magn\u00e9ticos finos e os ultrafinos, at\u00e9 ent\u00e3o descartados em barragens como rejeito.&#8221; font_container=&#8221;tag:p|font_size:16.8px|text_align:justify|line_height:2&#8243; use_theme_fonts=&#8221;yes&#8221; animation_delay=&#8221;500&#8243; animation_type=&#8221;fadeInUp&#8221; el_class=&#8221;pb-2 mb-lg-2 mb-xl-4&#8243;][vc_row_inner content_placement=&#8221;middle&#8221; animation_delay=&#8221;750&#8243; el_class=&#8221;mb-4 mb-lg-1 mb-xl-4&#8243; animation_type=&#8221;fadeInUp&#8221; css=&#8221;.vc_custom_1653024451512{padding-bottom: 13px !important;}&#8221;][vc_column_inner width=&#8221;5\/12&#8243; offset=&#8221;vc_col-xs-12&#8243;]<div class=\"stats-block stats-left   wpb_custom_764a383d05489945fffe4c6ea118f9cd\"><div class=\"porto-sicon-left\"><div id=\"porto-icon-180851649869e452cc284d0\" class=\"porto-just-icon-wrapper porto-sicon-img\" style=\"font-size: 48px;\"><img loading=\"lazy\" decoding=\"async\" class=\"img-icon\" alt=\"\" src=\"https:\/\/www.newgaps.com\/wp-content\/uploads\/2022\/12\/icon_negocio_fechado.png\" width=\"64\" height=\"48\" \/><\/div><\/div><div class=\"stats-desc\"><div id=\"counter_4046604169e452cc28515\" data-id=\"counter_4046604169e452cc28515\" class=\"stats-number\" style=\" color:#3f48cc;\" data-speed=\"3\" data-counter-value=\"5000\" data-separator=\",\" data-decimal=\".\">0<\/div><div class=\"counter_suffix mycust\" style=\" color:#3f48cc\">+<\/div><div class=\"stats-text\" style=\"\">Matrizes Magn\u00e9ticas Vendidas<\/div><\/div><\/div>[\/vc_column_inner][vc_column_inner width=&#8221;7\/12&#8243; offset=&#8221;vc_col-xs-12&#8243; css=&#8221;.vc_custom_1671817960987{padding-bottom: 30px !important;}&#8221;][vc_custom_heading text=&#8221;Contamos com a confian\u00e7a de algumas das maiores empresas do mundo.&#8221; font_container=&#8221;tag:p|text_align:left&#8221; use_theme_fonts=&#8221;yes&#8221; el_class=&#8221;mb-0&#8243; css=&#8221;.vc_custom_1673138543081{border-left-width: 12px !important;padding-top: 4px !important;padding-right: 16px !important;padding-bottom: 8px !important;padding-left: 16px !important;border-left-color: #f3f3f3 !important;border-left-style: solid !important;}&#8221;][\/vc_column_inner][\/vc_row_inner][\/vc_column][\/vc_row][vc_row wrap_container=&#8221;yes&#8221; el_class=&#8221;call-to-action-in-footer&#8221; css=&#8221;.vc_custom_1673751958456{margin-top: 5px !important;padding-top: 40px !important;padding-bottom: 40px !important;background-color: #f7f7f7 !important;}&#8221; conditional_render=&#8221;%5B%7B%22value_role%22%3A%22administrator%22%7D%5D&#8221;][vc_column][vc_cta h2=&#8221;Um pouco da nossa <b> trajet\u00f3ria! <\/b>&#8221; txt_align=&#8221;center&#8221; shape=&#8221;square&#8221; style=&#8221;flat&#8221; color=&#8221;white&#8221; btn_title=&#8221;Get Started Now&#8221; btn_show_arrow=&#8221;yes&#8221; css=&#8221;.vc_custom_1673752042475{background-color: #f7f7f7 !important;}&#8221; el_class=&#8221;mb-0&#8243;]Mais de 35 anos de experi\u00eancia na \u00e1rea de minera\u00e7\u00e3o.[\/vc_cta][\/vc_column][\/vc_row][vc_row content_placement=&#8221;middle&#8221; parallax=&#8221;content-moving&#8221; parallax_image=&#8221;3129&#8243; parallax_speed_bg=&#8221;1.15&#8243; wrap_container=&#8221;yes&#8221; is_section=&#8221;yes&#8221; section_skin=&#8221;parallax&#8221; remove_margin_top=&#8221;yes&#8221; remove_margin_bottom=&#8221;yes&#8221; remove_border=&#8221;yes&#8221; conditional_render=&#8221;%5B%7B%22value_role%22%3A%22administrator%22%7D%5D&#8221;][vc_column width=&#8221;1\/2&#8243; animation_delay=&#8221;500&#8243; el_class=&#8221;order-lg-2 text-md-start&#8221; animation_type=&#8221;fadeInLeft&#8221; conditional_render=&#8221;%5B%7B%22value_role%22%3A%22administrator%22%7D%5D&#8221;][vc_single_image image=&#8221;2815&#8243; img_size=&#8221;full&#8221; alignment=&#8221;center&#8221; el_class=&#8221;mb-md-0 text-md-start img01&#8243;][\/vc_column][vc_column width=&#8221;1\/2&#8243; animation_delay=&#8221;200&#8243; animation_type=&#8221;fadeInLeft&#8221; conditional_render=&#8221;%5B%7B%22value_role%22%3A%22administrator%22%7D%5D&#8221;]<div class=\"porto-u-heading mb-1  wpb_custom_53b9d755623538b3f6fd0e89177bfc10 porto-u-2237 \" data-appear-animation=\"fadeInUp\"><div class=\"porto-u-main-heading\"><h4 data-plugin-animated-letters data-plugin-options=\"{&quot;startDelay&quot;:1000,&quot;minWindowWidth&quot;:0,&quot;animationName&quot;:&quot;typeWriter&quot;}\"  style=\"margin-bottom: 0px;\">Estudos e Desenvolvimentos<\/h4><\/div><style>.porto-u-2237.porto-u-heading{text-align:left}<\/style><\/div>[vc_custom_heading text=&#8221;A NewGAPS por meio de muitos estudos e desenvolvimentos em parceria com a GAUSTEC, desenvolveu as revolucion\u00e1rias Matrizes Magn\u00e9ticas de alta efici\u00eancia BigFLUX\u00ae, que tornaram poss\u00edvel a maior produ\u00e7\u00e3o de concentrados de min\u00e9rios de ferro e melhor qualidade, al\u00e9m de transformar os rejeitos que eram desperdi\u00e7ados em areia sustent\u00e1vel para comercializa\u00e7\u00e3o.&#8221; font_container=&#8221;tag:p|font_size:16.8|text_align:justify|line_height:2&#8243; use_theme_fonts=&#8221;yes&#8221; animation_delay=&#8221;500&#8243; animation_type=&#8221;fadeInUp&#8221; el_class=&#8221;pb-2 mb-lg-2 mb-xl-4&#8243;][vc_custom_heading text=&#8221;Os campos magn\u00e9ticos extremamente altos (+21 mil Gauss) gerados pelas matrizes BigFLUX\u00ae aliados a maior \u00e1rea de alimenta\u00e7\u00e3o, permitem a recupera\u00e7\u00e3o das part\u00edculas magn\u00e9ticas finas e ultrafinas dos min\u00e9rios de ferro, garantindo \u00e0s mineradoras excelente aproveitamento dos seus recursos minerais, promovendo a redu\u00e7\u00e3o dos riscos operacionais, o cuidado com meio ambiente e ganho econ\u00f4mico.&#8221; font_container=&#8221;tag:p|font_size:16.8|text_align:justify|line_height:2&#8243; use_theme_fonts=&#8221;yes&#8221; animation_delay=&#8221;500&#8243; animation_type=&#8221;fadeInUp&#8221; el_class=&#8221;pb-2 mb-lg-2 mb-xl-4&#8243;][\/vc_column][\/vc_row][vc_row content_placement=&#8221;middle&#8221; parallax=&#8221;content-moving&#8221; parallax_image=&#8221;3130&#8243; wrap_container=&#8221;yes&#8221; is_section=&#8221;yes&#8221; section_skin=&#8221;parallax&#8221; remove_margin_top=&#8221;yes&#8221; remove_margin_bottom=&#8221;yes&#8221; remove_border=&#8221;yes&#8221;][vc_column width=&#8221;1\/2&#8243; animation_delay=&#8221;500&#8243; offset=&#8221;vc_col-lg-6 vc_col-md-5&#8243; animation_type=&#8221;fadeInRight&#8221;][vc_single_image image=&#8221;4235&#8243; img_size=&#8221;full&#8221; alignment=&#8221;center&#8221; el_class=&#8221;mb-md-0&#8243;][\/vc_column][vc_column width=&#8221;1\/2&#8243; animation_delay=&#8221;200&#8243; offset=&#8221;vc_col-lg-6 vc_col-md-7&#8243; animation_type=&#8221;fadeInRight&#8221;]<div class=\"porto-u-heading mb-1  wpb_custom_53b9d755623538b3f6fd0e89177bfc10 porto-u-9414 \" data-appear-animation=\"maskUp\"><div class=\"porto-u-main-heading\"><h4 data-plugin-animated-letters data-plugin-options=\"{&quot;startDelay&quot;:1000,&quot;minWindowWidth&quot;:0,&quot;animationName&quot;:&quot;typeWriter&quot;}\"  style=\"margin-bottom: 20px;\">Inova\u00e7\u00e3o e Tecnologia<\/h4><\/div><style>.porto-u-9414.porto-u-heading{text-align:left}<\/style><\/div>[vc_custom_heading text=&#8221;Al\u00e9m das matrizes magn\u00e9ticas BigFLUX\u00ae, a NewGAPS desenvolveu a tecnologia FlexGAP\u00ae que garante maior flexibilidade aos processos de separa\u00e7\u00e3o magn\u00e9tica, pois possibilita o ajuste do processo com extrema flexibilidade, variando os gaps para adequar as mudan\u00e7as conforme as caracter\u00edsticas do min\u00e9rio. Esta tecnologia substitui as matrizes soldadas por matrizes com gaps ajust\u00e1veis.&#8221; font_container=&#8221;tag:p|font_size:16.8|text_align:justify|line_height:2&#8243; use_theme_fonts=&#8221;yes&#8221; animation_delay=&#8221;500&#8243; animation_type=&#8221;fadeInUp&#8221; el_class=&#8221;pb-2 mb-lg-2 mb-xl-4&#8243;][\/vc_column][\/vc_row][vc_row content_placement=&#8221;middle&#8221; parallax=&#8221;content-moving&#8221; parallax_image=&#8221;3131&#8243; wrap_container=&#8221;yes&#8221; is_section=&#8221;yes&#8221; section_skin=&#8221;parallax&#8221; remove_margin_top=&#8221;yes&#8221; remove_margin_bottom=&#8221;yes&#8221; remove_border=&#8221;yes&#8221;][vc_column width=&#8221;1\/2&#8243; animation_delay=&#8221;500&#8243; animation_type=&#8221;fadeInLeft&#8221; conditional_render=&#8221;%5B%7B%22value_role%22%3A%22administrator%22%7D%5D&#8221; el_class=&#8221;order-lg-2&#8243;][vc_single_image image=&#8221;3367&#8243; img_size=&#8221;full&#8221; alignment=&#8221;center&#8221; el_class=&#8221;mb-md-0 text-md-start img03DetInov&#8221;][\/vc_column][vc_column width=&#8221;1\/2&#8243; animation_delay=&#8221;200&#8243; animation_type=&#8221;fadeInLeft&#8221; offset=&#8221;vc_col-lg-6 vc_col-md-7&#8243; conditional_render=&#8221;%5B%7B%22value_role%22%3A%22administrator%22%7D%5D&#8221;]<div class=\"porto-u-heading mb-1  wpb_custom_53b9d755623538b3f6fd0e89177bfc10 porto-u-3445 \" data-appear-animation=\"maskUp\"><div class=\"porto-u-main-heading\"><h4 data-plugin-animated-letters data-plugin-options=\"{&quot;startDelay&quot;:1000,&quot;minWindowWidth&quot;:0,&quot;animationName&quot;:&quot;typeWriter&quot;}\"  style=\"margin-bottom: 20px;\">Determina\u00e7\u00e3o e Evolu\u00e7\u00e3o<\/h4><\/div><style>.porto-u-3445.porto-u-heading{text-align:left}<\/style><\/div>[vc_custom_heading text=&#8221;Ap\u00f3s 4 anos de exist\u00eancia, a NewGAPS quebrou um paradigma e desenvolveu um novo conceito tecnol\u00f3gico em matrizes magn\u00e9ticas que determinou uma nova dire\u00e7\u00e3o para o tratamento do min\u00e9rio de ferro no mundo. Os resultados obtidos com a utiliza\u00e7\u00e3o dessas matrizes t\u00eam sido surpreendentes e v\u00e1rias mineradoras nacionais e internacionais est\u00e3o aplicando nossas tecnologias com grande sucesso, viabilizando ao m\u00e1ximo o aproveitamento dos minerais.&#8221; font_container=&#8221;tag:p|font_size:16.8|text_align:justify|line_height:2&#8243; use_theme_fonts=&#8221;yes&#8221; animation_delay=&#8221;500&#8243; animation_type=&#8221;fadeInUp&#8221; el_class=&#8221;pb-2 mb-lg-2 mb-xl-4&#8243;][\/vc_column][\/vc_row][vc_row content_placement=&#8221;middle&#8221; parallax=&#8221;content-moving&#8221; parallax_image=&#8221;3130&#8243; wrap_container=&#8221;yes&#8221; is_section=&#8221;yes&#8221; section_skin=&#8221;parallax&#8221; remove_margin_top=&#8221;yes&#8221; remove_margin_bottom=&#8221;yes&#8221; remove_border=&#8221;yes&#8221;][vc_column width=&#8221;1\/2&#8243; animation_delay=&#8221;500&#8243; offset=&#8221;vc_col-lg-6 vc_col-md-5&#8243; animation_type=&#8221;fadeInRight&#8221;][vc_single_image image=&#8221;3424&#8243; img_size=&#8221;full&#8221; alignment=&#8221;center&#8221; el_class=&#8221;mb-md-0&#8243;][\/vc_column][vc_column width=&#8221;1\/2&#8243; animation_delay=&#8221;200&#8243; offset=&#8221;vc_col-lg-6 vc_col-md-7&#8243; animation_type=&#8221;fadeInRight&#8221;]<div class=\"porto-u-heading mb-1  wpb_custom_53b9d755623538b3f6fd0e89177bfc10 porto-u-1217 \" data-appear-animation=\"maskUp\"><div class=\"porto-u-main-heading\"><h4 data-plugin-animated-letters data-plugin-options=\"{&quot;startDelay&quot;:1000,&quot;minWindowWidth&quot;:0,&quot;animationName&quot;:&quot;typeWriter&quot;}\"  style=\"margin-bottom: 20px;\">Parcerias e Testes<\/h4><\/div><style>.porto-u-1217.porto-u-heading{text-align:left}<\/style><\/div>[vc_custom_heading text=&#8221;A NewGaps possui parcerias com os laborat\u00f3rios da Gaustec Magnetismo, Funda\u00e7\u00e3o Gorceix dentre outros, onde s\u00e3o desenvolvidos os testes para defini\u00e7\u00e3o da matriz magn\u00e9tica ideal para cada tipo de min\u00e9rio e suas caracter\u00edsticas mineral\u00f3gicas conforme a necessidade do cliente, incluindo os rejeitos ultrafinos de flota\u00e7\u00e3o.&#8221; font_container=&#8221;tag:p|font_size:16.8|text_align:justify|line_height:2&#8243; use_theme_fonts=&#8221;yes&#8221; animation_delay=&#8221;500&#8243; animation_type=&#8221;fadeInUp&#8221; el_class=&#8221;pb-2 mb-lg-2 mb-xl-4&#8243;][\/vc_column][\/vc_row]<\/p>\n<\/div>","protected":false},"excerpt":{"rendered":"<p>[vc_row content_placement=&#8221;middle&#8221; no_padding=&#8221;yes&#8221; css=&#8221;.vc_custom_1673917237633{margin-top: 50px !important;background-color: #ededed !important;}&#8221; conditional_render=&#8221;%5B%7B%22value_role%22%3A%22administrator%22%7D%5D&#8221;][vc_column width=&#8221;1\/2&#8243; animation_delay=&#8221;400&#8243; css=&#8221;.vc_custom_1673751480463{background-position: center !important;background-repeat: no-repeat !important;background-size: cover !important;}&#8221; animation_type=&#8221;fadeInLeft&#8221; conditional_render=&#8221;%5B%7B%22value_role%22%3A%22administrator%22%7D%5D&#8221;][vc_single_image image=&#8221;4279&#8243; img_size=&#8221;full&#8221; el_class=&#8221;mb-0&#8243;][\/vc_column][vc_column width=&#8221;1\/2&#8243; animation_delay=&#8221;400&#8243; css=&#8221;.vc_custom_1673751682968{padding-right: 50px !important;padding-left: 50px !important;background-color: rgba(255,255,255,0.01) !important;*background-color: rgb(255,255,255) !important;}&#8221; animation_type=&#8221;fadeInRight&#8221; conditional_render=&#8221;%5B%7B%22value_role%22%3A%22administrator%22%7D%5D&#8221;][vc_custom_heading text=&#8221;Sobre a NewGAPS&#8221; font_container=&#8221;tag:h3|font_size:35px|text_align:left|line_height:1.3&#8243; use_theme_fonts=&#8221;yes&#8221; font_weight=&#8221;600&#8243; letter_spacing=&#8221;-.05em&#8221; animation_delay=&#8221;250&#8243; el_class=&#8221;text-dark mb-4 mb-lg-3 mb-xl-4&#8243; animation_type=&#8221;fadeInUp&#8221; css=&#8221;.vc_custom_1674129306349{margin-top: 40px !important;}&#8221;][vc_custom_heading text=&#8221;A NewGAPS \u00e9 [&hellip;]<\/p>\n","protected":false},"author":1,"featured_media":0,"parent":0,"menu_order":0,"comment_status":"closed","ping_status":"closed","template":"","meta":{"footnotes":""},"class_list":["post-2658","page","type-page","status-publish","hentry"],"yoast_head":"<!-- This site is optimized with the Yoast SEO plugin v23.7 - https:\/\/yoast.com\/wordpress\/plugins\/seo\/ -->\n<title>Institucional &#8211; NewGAPS&reg; - Matrizes Magn&eacute;ticas BigFLUX&reg; de Alta Efici&ecirc;ncia | BigFLUX&reg; High Efficiency Magnetic Matrices<\/title>\n<meta name=\"description\" content=\"A NewGAPS \u00e9 uma empresa dedicada a pesquisa e desenvolvimento de Matrizes Magn\u00e9ticas para separadores magn\u00e9ticos tipo Jones\/WHIMS.\" \/>\n<meta name=\"robots\" content=\"index, follow, max-snippet:-1, max-image-preview:large, max-video-preview:-1\" \/>\n<link rel=\"canonical\" href=\"https:\/\/www.newgaps.com\/?page_id=2658\" \/>\n<meta property=\"og:locale\" content=\"pt_PT\" \/>\n<meta property=\"og:type\" content=\"article\" \/>\n<meta property=\"og:title\" content=\"Institucional &#8211; NewGAPS&reg; - Matrizes Magn&eacute;ticas BigFLUX&reg; de Alta Efici&ecirc;ncia | BigFLUX&reg; High Efficiency Magnetic Matrices\" \/>\n<meta property=\"og:description\" content=\"A NewGAPS \u00e9 uma empresa dedicada a pesquisa e desenvolvimento de Matrizes Magn\u00e9ticas para separadores magn\u00e9ticos tipo Jones\/WHIMS.\" \/>\n<meta property=\"og:url\" content=\"https:\/\/www.newgaps.com\/?page_id=2658\" \/>\n<meta property=\"og:site_name\" content=\"NewGAPS&reg; - Matrizes Magn&eacute;ticas BigFLUX&reg; de Alta Efici&ecirc;ncia | BigFLUX&reg; High Efficiency Magnetic Matrices\" \/>\n<meta property=\"article:publisher\" content=\"https:\/\/web.facebook.com\/newgapsmm\" \/>\n<meta property=\"article:modified_time\" content=\"2023-03-23T11:38:13+00:00\" \/>\n<meta name=\"twitter:card\" content=\"summary_large_image\" \/>\n<meta name=\"twitter:label1\" content=\"Tempo estimado de leitura\" \/>\n\t<meta name=\"twitter:data1\" content=\"4 minutos\" \/>\n<script type=\"application\/ld+json\" class=\"yoast-schema-graph\">{\"@context\":\"https:\/\/schema.org\",\"@graph\":[{\"@type\":[\"WebPage\",\"AboutPage\"],\"@id\":\"https:\/\/www.newgaps.com\/?page_id=2658\",\"url\":\"https:\/\/www.newgaps.com\/?page_id=2658\",\"name\":\"Institucional &#8211; NewGAPS&reg; - Matrizes Magn&eacute;ticas BigFLUX&reg; de Alta Efici&ecirc;ncia | BigFLUX&reg; High Efficiency Magnetic Matrices\",\"isPartOf\":{\"@id\":\"https:\/\/www.newgaps.com\/#website\"},\"datePublished\":\"2022-12-23T11:47:09+00:00\",\"dateModified\":\"2023-03-23T11:38:13+00:00\",\"description\":\"A NewGAPS \u00e9 uma empresa dedicada a pesquisa e desenvolvimento de Matrizes Magn\u00e9ticas para separadores magn\u00e9ticos tipo Jones\/WHIMS.\",\"breadcrumb\":{\"@id\":\"https:\/\/www.newgaps.com\/?page_id=2658#breadcrumb\"},\"inLanguage\":\"pt-PT\",\"potentialAction\":[{\"@type\":\"ReadAction\",\"target\":[\"https:\/\/www.newgaps.com\/?page_id=2658\"]}]},{\"@type\":\"BreadcrumbList\",\"@id\":\"https:\/\/www.newgaps.com\/?page_id=2658#breadcrumb\",\"itemListElement\":[{\"@type\":\"ListItem\",\"position\":1,\"name\":\"In\u00edcio\",\"item\":\"https:\/\/www.newgaps.com\/?page_id=143\"},{\"@type\":\"ListItem\",\"position\":2,\"name\":\"Institucional\"}]},{\"@type\":\"WebSite\",\"@id\":\"https:\/\/www.newgaps.com\/#website\",\"url\":\"https:\/\/www.newgaps.com\/\",\"name\":\"NewGAPS&reg; - Matrizes Magn&eacute;ticas BigFLUX&reg; de Alta Efici&ecirc;ncia | BigFLUX&reg; High Efficiency Magnetic Matrices\",\"description\":\"NewGAPS &eacute; uma empresa especializada em solu&ccedil;&otilde;es e fabrica&ccedil;&atilde;o de Matrizes Magn&eacute;ticas com os dois modelos BigFLUX&reg; \/ FlexGAP&reg; de alta tecnologia para recupera&ccedil;&atilde;o de finos e ultrafinos de min&eacute;rio de ferro e demais materiais magn&eacute;ticos. | NewGAPS is a company specialized in solutions and manufacturing of the high efficiency magnetic matrices BigFLUX&reg; and FlexGAP&reg; models for the recovery of fine and ultrafine iron ore and other magnetic materials.\",\"publisher\":{\"@id\":\"https:\/\/www.newgaps.com\/#organization\"},\"alternateName\":\"NewGAPS\",\"potentialAction\":[{\"@type\":\"SearchAction\",\"target\":{\"@type\":\"EntryPoint\",\"urlTemplate\":\"https:\/\/www.newgaps.com\/?s={search_term_string}\"},\"query-input\":{\"@type\":\"PropertyValueSpecification\",\"valueRequired\":true,\"valueName\":\"search_term_string\"}}],\"inLanguage\":\"pt-PT\"},{\"@type\":\"Organization\",\"@id\":\"https:\/\/www.newgaps.com\/#organization\",\"name\":\"NewGAPS&reg; - Matrizes Magn&eacute;ticas BigFLUX&reg; de Alta Efici&ecirc;ncia | BigFLUX&reg; High Efficiency Magnetic Matrices\",\"alternateName\":\"NewGAPS\",\"url\":\"https:\/\/www.newgaps.com\/\",\"logo\":{\"@type\":\"ImageObject\",\"inLanguage\":\"pt-PT\",\"@id\":\"https:\/\/www.newgaps.com\/#\/schema\/logo\/image\/\",\"url\":\"https:\/\/www.newgaps.com\/wp-content\/uploads\/2023\/01\/logo_custom-1.png\",\"contentUrl\":\"https:\/\/www.newgaps.com\/wp-content\/uploads\/2023\/01\/logo_custom-1.png\",\"width\":1280,\"height\":720,\"caption\":\"NewGAPS&reg; - Matrizes Magn&eacute;ticas BigFLUX&reg; de Alta Efici&ecirc;ncia | BigFLUX&reg; High Efficiency Magnetic Matrices\"},\"image\":{\"@id\":\"https:\/\/www.newgaps.com\/#\/schema\/logo\/image\/\"},\"sameAs\":[\"https:\/\/web.facebook.com\/newgapsmm\"]}]}<\/script>\n<!-- \/ Yoast SEO plugin. -->","yoast_head_json":{"title":"Institucional &#8211; NewGAPS&reg; - Matrizes Magn&eacute;ticas BigFLUX&reg; de Alta Efici&ecirc;ncia | BigFLUX&reg; High Efficiency Magnetic Matrices","description":"A NewGAPS \u00e9 uma empresa dedicada a pesquisa e desenvolvimento de Matrizes Magn\u00e9ticas para separadores magn\u00e9ticos tipo Jones\/WHIMS.","robots":{"index":"index","follow":"follow","max-snippet":"max-snippet:-1","max-image-preview":"max-image-preview:large","max-video-preview":"max-video-preview:-1"},"canonical":"https:\/\/www.newgaps.com\/?page_id=2658","og_locale":"pt_PT","og_type":"article","og_title":"Institucional &#8211; NewGAPS&reg; - Matrizes Magn&eacute;ticas BigFLUX&reg; de Alta Efici&ecirc;ncia | BigFLUX&reg; High Efficiency Magnetic Matrices","og_description":"A NewGAPS \u00e9 uma empresa dedicada a pesquisa e desenvolvimento de Matrizes Magn\u00e9ticas para separadores magn\u00e9ticos tipo Jones\/WHIMS.","og_url":"https:\/\/www.newgaps.com\/?page_id=2658","og_site_name":"NewGAPS&reg; - Matrizes Magn&eacute;ticas BigFLUX&reg; de Alta Efici&ecirc;ncia | BigFLUX&reg; High Efficiency Magnetic Matrices","article_publisher":"https:\/\/web.facebook.com\/newgapsmm","article_modified_time":"2023-03-23T11:38:13+00:00","twitter_card":"summary_large_image","twitter_misc":{"Tempo estimado de leitura":"4 minutos"},"schema":{"@context":"https:\/\/schema.org","@graph":[{"@type":["WebPage","AboutPage"],"@id":"https:\/\/www.newgaps.com\/?page_id=2658","url":"https:\/\/www.newgaps.com\/?page_id=2658","name":"Institucional &#8211; NewGAPS&reg; - Matrizes Magn&eacute;ticas BigFLUX&reg; de Alta Efici&ecirc;ncia | BigFLUX&reg; High Efficiency Magnetic Matrices","isPartOf":{"@id":"https:\/\/www.newgaps.com\/#website"},"datePublished":"2022-12-23T11:47:09+00:00","dateModified":"2023-03-23T11:38:13+00:00","description":"A NewGAPS \u00e9 uma empresa dedicada a pesquisa e desenvolvimento de Matrizes Magn\u00e9ticas para separadores magn\u00e9ticos tipo Jones\/WHIMS.","breadcrumb":{"@id":"https:\/\/www.newgaps.com\/?page_id=2658#breadcrumb"},"inLanguage":"pt-PT","potentialAction":[{"@type":"ReadAction","target":["https:\/\/www.newgaps.com\/?page_id=2658"]}]},{"@type":"BreadcrumbList","@id":"https:\/\/www.newgaps.com\/?page_id=2658#breadcrumb","itemListElement":[{"@type":"ListItem","position":1,"name":"In\u00edcio","item":"https:\/\/www.newgaps.com\/?page_id=143"},{"@type":"ListItem","position":2,"name":"Institucional"}]},{"@type":"WebSite","@id":"https:\/\/www.newgaps.com\/#website","url":"https:\/\/www.newgaps.com\/","name":"NewGAPS&reg; - Matrizes Magn&eacute;ticas BigFLUX&reg; de Alta Efici&ecirc;ncia | BigFLUX&reg; High Efficiency Magnetic Matrices","description":"NewGAPS &eacute; uma empresa especializada em solu&ccedil;&otilde;es e fabrica&ccedil;&atilde;o de Matrizes Magn&eacute;ticas com os dois modelos BigFLUX&reg; \/ FlexGAP&reg; de alta tecnologia para recupera&ccedil;&atilde;o de finos e ultrafinos de min&eacute;rio de ferro e demais materiais magn&eacute;ticos. | NewGAPS is a company specialized in solutions and manufacturing of the high efficiency magnetic matrices BigFLUX&reg; and FlexGAP&reg; models for the recovery of fine and ultrafine iron ore and other magnetic materials.","publisher":{"@id":"https:\/\/www.newgaps.com\/#organization"},"alternateName":"NewGAPS","potentialAction":[{"@type":"SearchAction","target":{"@type":"EntryPoint","urlTemplate":"https:\/\/www.newgaps.com\/?s={search_term_string}"},"query-input":{"@type":"PropertyValueSpecification","valueRequired":true,"valueName":"search_term_string"}}],"inLanguage":"pt-PT"},{"@type":"Organization","@id":"https:\/\/www.newgaps.com\/#organization","name":"NewGAPS&reg; - Matrizes Magn&eacute;ticas BigFLUX&reg; de Alta Efici&ecirc;ncia | BigFLUX&reg; High Efficiency Magnetic Matrices","alternateName":"NewGAPS","url":"https:\/\/www.newgaps.com\/","logo":{"@type":"ImageObject","inLanguage":"pt-PT","@id":"https:\/\/www.newgaps.com\/#\/schema\/logo\/image\/","url":"https:\/\/www.newgaps.com\/wp-content\/uploads\/2023\/01\/logo_custom-1.png","contentUrl":"https:\/\/www.newgaps.com\/wp-content\/uploads\/2023\/01\/logo_custom-1.png","width":1280,"height":720,"caption":"NewGAPS&reg; - Matrizes Magn&eacute;ticas BigFLUX&reg; de Alta Efici&ecirc;ncia | BigFLUX&reg; High Efficiency Magnetic Matrices"},"image":{"@id":"https:\/\/www.newgaps.com\/#\/schema\/logo\/image\/"},"sameAs":["https:\/\/web.facebook.com\/newgapsmm"]}]}},"_links":{"self":[{"href":"https:\/\/www.newgaps.com\/index.php?rest_route=\/wp\/v2\/pages\/2658"}],"collection":[{"href":"https:\/\/www.newgaps.com\/index.php?rest_route=\/wp\/v2\/pages"}],"about":[{"href":"https:\/\/www.newgaps.com\/index.php?rest_route=\/wp\/v2\/types\/page"}],"author":[{"embeddable":true,"href":"https:\/\/www.newgaps.com\/index.php?rest_route=\/wp\/v2\/users\/1"}],"replies":[{"embeddable":true,"href":"https:\/\/www.newgaps.com\/index.php?rest_route=%2Fwp%2Fv2%2Fcomments&post=2658"}],"version-history":[{"count":387,"href":"https:\/\/www.newgaps.com\/index.php?rest_route=\/wp\/v2\/pages\/2658\/revisions"}],"predecessor-version":[{"id":4713,"href":"https:\/\/www.newgaps.com\/index.php?rest_route=\/wp\/v2\/pages\/2658\/revisions\/4713"}],"wp:attachment":[{"href":"https:\/\/www.newgaps.com\/index.php?rest_route=%2Fwp%2Fv2%2Fmedia&parent=2658"}],"curies":[{"name":"wp","href":"https:\/\/api.w.org\/{rel}","templated":true}]}}